{"id":209,"date":"2025-04-28T20:06:04","date_gmt":"2025-04-28T18:06:04","guid":{"rendered":"https:\/\/plaineemploi.fr\/?page_id=209"},"modified":"2025-06-17T19:32:52","modified_gmt":"2025-06-17T17:32:52","slug":"plaine-emploi-cest-30-ans-daction-pour-linsertion","status":"publish","type":"page","link":"https:\/\/plaineemploi.fr\/index.php\/association-plaine-emploi\/plaine-emploi-cest-30-ans-daction-pour-linsertion\/","title":{"rendered":"Plaine Emploi c&rsquo;est 30 ans d\u2019action pour l\u2019insertion professionnelle sur le territoire"},"content":{"rendered":"\n<p>Depuis plus de trois d\u00e9cennies, <strong>Plaine Emploi \u0153uvre avec conviction pour accompagner les personnes \u00e9loign\u00e9es du march\u00e9 du travail<\/strong>. Pr\u00e9sente localement, notre association agit au quotidien pour permettre \u00e0 chacun de retrouver une place active dans la soci\u00e9t\u00e9, en alliant accompagnement humain et activit\u00e9s \u00e9conomiques utiles.<\/p>\n\n\n\n<h3 class=\"wp-block-heading\"><strong>Notre mission : agir pour l\u2019insertion de tous<\/strong><\/h3>\n\n\n\n<p><strong>\u00ab\u00a0Notre mission, agir pour l\u2019insertion de tous\u00a0\u00bb<\/strong> n\u2019est pas qu\u2019un slogan : c\u2019est le c\u0153ur de notre action. Nous mettons en place des parcours d\u2019insertion professionnelle qui permettent \u00e0 chacun de reprendre confiance, de d\u00e9velopper des comp\u00e9tences concr\u00e8tes et de se pr\u00e9parer durablement \u00e0 l\u2019emploi.<\/p>\n\n\n\n<p>L\u2019entretien des espaces verts constitue notre principal support d\u2019activit\u00e9. Il offre un cadre structurant et valorisant, dans lequel les salari\u00e9s en insertion peuvent progresser, encadr\u00e9s par des professionnels qualifi\u00e9s.<\/p>\n\n\n\n<hr class=\"wp-block-separator has-alpha-channel-opacity\"\/>\n\n\n\n<h2 class=\"wp-block-heading\"><strong>Un accompagnement personnalis\u00e9 et exigeant<\/strong><\/h2>\n\n\n\n<p>Notre public est compos\u00e9 de personnes en difficult\u00e9 d\u2019acc\u00e8s \u00e0 l\u2019emploi : demandeurs d\u2019emploi de longue dur\u00e9e, allocataires du RSA, jeunes de moins de 26 ans sans qualification ou encore personnes en situation de handicap.<\/p>\n\n\n\n<p>Chaque salari\u00e9 b\u00e9n\u00e9ficie d\u2019un accompagnement individualis\u00e9 assur\u00e9 par un <strong>bin\u00f4me compl\u00e9mentaire<\/strong> : un <strong>encadrant technique<\/strong> pour l\u2019apprentissage du m\u00e9tier et une <strong>charg\u00e9e d\u2019accompagnement socio-professionnel<\/strong> pour construire un projet professionnel solide. Ce suivi personnalis\u00e9 favorise une mont\u00e9e en comp\u00e9tences \u00e0 la fois technique et comportementale, essentielle pour r\u00e9ussir une r\u00e9insertion durable.<\/p>\n\n\n\n<hr class=\"wp-block-separator has-alpha-channel-opacity\"\/>\n\n\n\n<h2 class=\"wp-block-heading\"><strong>Des prestations utiles, un impact social fort<\/strong><\/h2>\n\n\n\n<p>Plaine Emploi r\u00e9alise des interventions vari\u00e9es et de qualit\u00e9 dans l\u2019entretien des espaces verts : tonte, taille, d\u00e9sherbage, \u00e9lagage\u2026 Nos \u00e9quipes interviennent aupr\u00e8s de collectivit\u00e9s, d\u2019entreprises et de bailleurs sociaux, avec s\u00e9rieux et r\u00e9activit\u00e9. Nous avons \u00e0 c\u0153ur de respecter les d\u00e9lais, les consignes et de proposer des m\u00e9thodes respectueuses de l\u2019environnement.<\/p>\n\n\n\n<p>En faisant appel \u00e0 nos services, les partenaires s\u2019engagent dans une <strong>d\u00e9marche \u00e0 double impact<\/strong> : un service professionnel et une contribution concr\u00e8te \u00e0 la r\u00e9insertion sociale de publics fragilis\u00e9s.<\/p>\n\n\n\n<hr class=\"wp-block-separator has-alpha-channel-opacity\"\/>\n\n\n\n<div class=\"wp-block-group has-ast-global-color-5-background-color has-background is-nowrap is-layout-flex wp-container-core-group-is-layout-6c531013 wp-block-group-is-layout-flex\">\n<div class=\"wp-block-group is-vertical is-layout-flex wp-container-core-group-is-layout-fe9cc265 wp-block-group-is-layout-flex\">\n<h2 class=\"wp-block-heading\"><strong>Des r\u00e9f\u00e9rences solides et une reconnaissance locale<\/strong><\/h2>\n\n\n\n<p>Au fil des ann\u00e9es, de nombreux acteurs ont choisi de nous faire confiance, parmi lesquels :<\/p>\n<\/div>\n\n\n\n<ul class=\"wp-block-list\">\n<li><strong>Communaut\u00e9 de communes Val \u00e8s Dunes<\/strong><\/li>\n\n\n\n<li><strong>Communaut\u00e9 urbaine Caen la Mer<\/strong><\/li>\n\n\n\n<li><strong>SNCF<\/strong><\/li>\n\n\n\n<li><strong>SPARFEL<\/strong><\/li>\n\n\n\n<li><strong>3F<\/strong><\/li>\n<\/ul>\n<\/div>\n\n\n\n<p>Ces collaborations p\u00e9rennes t\u00e9moignent de notre s\u00e9rieux, de la qualit\u00e9 de nos prestations, et de l\u2019impact positif de notre mission.<\/p>\n\n\n\n<div class=\"wp-block-media-text is-stacked-on-mobile\" style=\"grid-template-columns:25% auto\"><figure class=\"wp-block-media-text__media\"><img fetchpriority=\"high\" decoding=\"async\" width=\"1024\" height=\"1024\" src=\"https:\/\/plaineemploi.fr\/wp-content\/uploads\/2025\/04\/Financeurs-1024x1024.jpeg\" alt=\"\" class=\"wp-image-75 size-full\" srcset=\"https:\/\/plaineemploi.fr\/wp-content\/uploads\/2025\/04\/Financeurs-1024x1024.jpeg 1024w, https:\/\/plaineemploi.fr\/wp-content\/uploads\/2025\/04\/Financeurs-300x300.jpeg 300w, https:\/\/plaineemploi.fr\/wp-content\/uploads\/2025\/04\/Financeurs-150x150.jpeg 150w, https:\/\/plaineemploi.fr\/wp-content\/uploads\/2025\/04\/Financeurs-768x768.jpeg 768w, https:\/\/plaineemploi.fr\/wp-content\/uploads\/2025\/04\/Financeurs-1536x1536.jpeg 1536w, https:\/\/plaineemploi.fr\/wp-content\/uploads\/2025\/04\/Financeurs.jpeg 2048w\" sizes=\"(max-width: 1024px) 100vw, 1024px\" \/><\/figure><div class=\"wp-block-media-text__content\">\n<h3 class=\"wp-block-heading\"><strong>Plus que jamais, notre mission est claire : agir pour l\u2019insertion de tous.<\/strong><\/h3>\n\n\n\n<p><strong>Soutenir Plaine Emploi, c\u2019est faire le choix d\u2019un acteur local fiable, engag\u00e9, et r\u00e9solument tourn\u00e9 vers l\u2019int\u00e9r\u00eat g\u00e9n\u00e9ral. <\/strong><\/p>\n\n\n\n<div class=\"wp-block-buttons is-content-justification-right is-layout-flex wp-container-core-buttons-is-layout-d445cf74 wp-block-buttons-is-layout-flex\">\n<div class=\"wp-block-button\"><a class=\"wp-block-button__link wp-element-button\" href=\"https:\/\/plaineemploi.fr\/index.php\/prenons-le-temps-de-faire-connaissance\/\">Soutenir ce projet<\/a><\/div>\n<\/div>\n<\/div><\/div>\n","protected":false},"excerpt":{"rendered":"<p>Depuis plus de trois d\u00e9cennies, Plaine Emploi \u0153uvre avec conviction pour accompagner les personnes \u00e9loign\u00e9es du march\u00e9 du travail. Pr\u00e9sente localement, notre association agit au quotidien pour permettre \u00e0 chacun de retrouver une place active dans la soci\u00e9t\u00e9, en alliant accompagnement humain et activit\u00e9s \u00e9conomiques utiles. Notre mission : agir pour l\u2019insertion de tous \u00ab\u00a0Notre mission, agir pour l\u2019insertion de tous\u00a0\u00bb n\u2019est pas qu\u2019un slogan : c\u2019est le c\u0153ur de notre action. Nous mettons en place des parcours d\u2019insertion professionnelle qui permettent \u00e0 chacun de reprendre confiance, de d\u00e9velopper des comp\u00e9tences concr\u00e8tes et de se pr\u00e9parer durablement \u00e0 l\u2019emploi. L\u2019entretien des espaces verts constitue notre principal support d\u2019activit\u00e9. Il offre un cadre structurant et valorisant, dans lequel les salari\u00e9s en insertion peuvent progresser, encadr\u00e9s par des professionnels qualifi\u00e9s. Un accompagnement personnalis\u00e9 et exigeant Notre public est compos\u00e9 de personnes en difficult\u00e9 d\u2019acc\u00e8s \u00e0 l\u2019emploi : demandeurs d\u2019emploi de longue dur\u00e9e, allocataires du RSA, jeunes de moins de 26 ans sans qualification ou encore personnes en situation de handicap. Chaque salari\u00e9 b\u00e9n\u00e9ficie d\u2019un accompagnement individualis\u00e9 assur\u00e9 par un bin\u00f4me compl\u00e9mentaire : un encadrant technique pour l\u2019apprentissage du m\u00e9tier et une charg\u00e9e d\u2019accompagnement socio-professionnel pour construire un projet professionnel solide. Ce suivi personnalis\u00e9 favorise une mont\u00e9e en comp\u00e9tences \u00e0 la fois technique et comportementale, essentielle pour r\u00e9ussir une r\u00e9insertion durable. Des prestations utiles, un impact social fort Plaine Emploi r\u00e9alise des interventions vari\u00e9es et de qualit\u00e9 dans l\u2019entretien des espaces verts : tonte, taille, d\u00e9sherbage, \u00e9lagage\u2026 Nos \u00e9quipes interviennent aupr\u00e8s de collectivit\u00e9s, d\u2019entreprises et de bailleurs sociaux, avec s\u00e9rieux et r\u00e9activit\u00e9. Nous avons \u00e0 c\u0153ur de respecter les d\u00e9lais, les consignes et de proposer des m\u00e9thodes respectueuses de l\u2019environnement. En faisant appel \u00e0 nos services, les partenaires s\u2019engagent dans une d\u00e9marche \u00e0 double impact : un service professionnel et une contribution concr\u00e8te \u00e0 la r\u00e9insertion sociale de publics fragilis\u00e9s. Des r\u00e9f\u00e9rences solides et une reconnaissance locale Au fil des ann\u00e9es, de nombreux acteurs ont choisi de nous faire confiance, parmi lesquels : Ces collaborations p\u00e9rennes t\u00e9moignent de notre s\u00e9rieux, de la qualit\u00e9 de nos prestations, et de l\u2019impact positif de notre mission.<\/p>\n","protected":false},"author":3,"featured_media":75,"parent":11,"menu_order":0,"comment_status":"closed","ping_status":"closed","template":"","meta":{"site-sidebar-layout":"default","site-content-layout":"","ast-site-content-layout":"","site-content-style":"default","site-sidebar-style":"default","ast-global-header-display":"","ast-banner-title-visibility":"","ast-main-header-display":"","ast-hfb-above-header-display":"","ast-hfb-below-header-display":"","ast-hfb-mobile-header-display":"","site-post-title":"","ast-breadcrumbs-content":"","ast-featured-img":"","footer-sml-layout":"","theme-transparent-header-meta":"","adv-header-id-meta":"","stick-header-meta":"","header-above-stick-meta":"","header-main-stick-meta":"","header-below-stick-meta":"","astra-migrate-meta-layouts":"default","ast-page-background-enabled":"default","ast-page-background-meta":{"desktop":{"background-color":"var(--ast-global-color-5)","background-image":"","background-repeat":"repeat","background-position":"center center","background-size":"auto","background-attachment":"scroll","background-type":"","background-media":"","overlay-type":"","overlay-color":"","overlay-opacity":"","overlay-gradient":""},"tablet":{"background-color":"","background-image":"","background-repeat":"repeat","background-position":"center center","background-size":"auto","background-attachment":"scroll","background-type":"","background-media":"","overlay-type":"","overlay-color":"","overlay-opacity":"","overlay-gradient":""},"mobile":{"background-color":"","background-image":"","background-repeat":"repeat","background-position":"center center","background-size":"auto","background-attachment":"scroll","background-type":"","background-media":"","overlay-type":"","overlay-color":"","overlay-opacity":"","overlay-gradient":""}},"ast-content-background-meta":{"desktop":{"background-color":"var(--ast-global-color-4)","background-image":"","background-repeat":"repeat","background-position":"center center","background-size":"auto","background-attachment":"scroll","background-type":"","background-media":"","overlay-type":"","overlay-color":"","overlay-opacity":"","overlay-gradient":""},"tablet":{"background-color":"var(--ast-global-color-4)","background-image":"","background-repeat":"repeat","background-position":"center center","background-size":"auto","background-attachment":"scroll","background-type":"","background-media":"","overlay-type":"","overlay-color":"","overlay-opacity":"","overlay-gradient":""},"mobile":{"background-color":"var(--ast-global-color-4)","background-image":"","background-repeat":"repeat","background-position":"center center","background-size":"auto","background-attachment":"scroll","background-type":"","background-media":"","overlay-type":"","overlay-color":"","overlay-opacity":"","overlay-gradient":""}},"footnotes":""},"class_list":["post-209","page","type-page","status-publish","has-post-thumbnail","hentry"],"aioseo_notices":[],"_links":{"self":[{"href":"https:\/\/plaineemploi.fr\/index.php\/wp-json\/wp\/v2\/pages\/209","targetHints":{"allow":["GET"]}}],"collection":[{"href":"https:\/\/plaineemploi.fr\/index.php\/wp-json\/wp\/v2\/pages"}],"about":[{"href":"https:\/\/plaineemploi.fr\/index.php\/wp-json\/wp\/v2\/types\/page"}],"author":[{"embeddable":true,"href":"https:\/\/plaineemploi.fr\/index.php\/wp-json\/wp\/v2\/users\/3"}],"replies":[{"embeddable":true,"href":"https:\/\/plaineemploi.fr\/index.php\/wp-json\/wp\/v2\/comments?post=209"}],"version-history":[{"count":4,"href":"https:\/\/plaineemploi.fr\/index.php\/wp-json\/wp\/v2\/pages\/209\/revisions"}],"predecessor-version":[{"id":370,"href":"https:\/\/plaineemploi.fr\/index.php\/wp-json\/wp\/v2\/pages\/209\/revisions\/370"}],"up":[{"embeddable":true,"href":"https:\/\/plaineemploi.fr\/index.php\/wp-json\/wp\/v2\/pages\/11"}],"wp:featuredmedia":[{"embeddable":true,"href":"https:\/\/plaineemploi.fr\/index.php\/wp-json\/wp\/v2\/media\/75"}],"wp:attachment":[{"href":"https:\/\/plaineemploi.fr\/index.php\/wp-json\/wp\/v2\/media?parent=209"}],"curies":[{"name":"wp","href":"https:\/\/api.w.org\/{rel}","templated":true}]}}