{"id":356,"date":"2025-06-06T11:22:04","date_gmt":"2025-06-06T09:22:04","guid":{"rendered":"https:\/\/plaineemploi.fr\/?page_id=356"},"modified":"2025-06-17T19:32:17","modified_gmt":"2025-06-17T17:32:17","slug":"ils-nous-font-confiance","status":"publish","type":"page","link":"https:\/\/plaineemploi.fr\/index.php\/association-plaine-emploi\/ils-nous-font-confiance\/","title":{"rendered":"Ils nous font confiance"},"content":{"rendered":"\n<h3 class=\"wp-block-heading\">L\u2019engagement de nos partenaires\u202f: un levier essentiel<\/h3>\n\n\n\n<p>Depuis la cr\u00e9ation de Plaine Emploi, la confiance accord\u00e9e par nos partenaires institutionnels, associatifs et \u00e9conomiques constitue la base solide sur laquelle s\u2019appuie notre action. Leur engagement quotidien \u00e0 nos c\u00f4t\u00e9s permet de proposer aux publics accompagn\u00e9s des solutions concr\u00e8tes pour acc\u00e9der \u00e0 la formation, \u00e0 l\u2019emploi et \u00e0 une progression durable des comp\u00e9tences.<\/p>\n\n\n\n<h3 class=\"wp-block-heading\">Un r\u00e9seau d\u2019acteurs mobilis\u00e9s<\/h3>\n\n\n\n<p>Nous travaillons en synergie avec les collectivit\u00e9s locales, les entreprises du territoire, les organismes de formation, les bailleurs sociaux et les structures d\u2019accompagnement social. Ce maillage territorial favorise la construction de parcours individualis\u00e9s et multiplie les opportunit\u00e9s offertes \u00e0 chacun. Chaque partenariat est le fruit d\u2019un dialogue constant, d\u2019une vision partag\u00e9e et d\u2019objectifs communs\u202f: ouvrir de nouvelles perspectives et accompagner les b\u00e9n\u00e9ficiaires dans la dur\u00e9e.<\/p>\n\n\n\n<h3 class=\"wp-block-heading\">Confiance, coop\u00e9ration et r\u00e9ussite partag\u00e9e<\/h3>\n\n\n\n<p>Les partenaires de Plaine Emploi s\u2019investissent de fa\u00e7on active dans la r\u00e9ussite des parcours d\u2019insertion. Leur confiance nous permet d\u2019innover, d\u2019adapter nos dispositifs et de r\u00e9pondre au plus pr\u00e8s des besoins du territoire. Ils contribuent, par leur soutien, \u00e0 faire \u00e9voluer les pratiques, \u00e0 encourager la mont\u00e9e en comp\u00e9tences et \u00e0 ouvrir les portes d\u2019un emploi durable.<\/p>\n\n\n\n<h3 class=\"wp-block-heading\">Merci pour leur engagement<\/h3>\n\n\n\n<p>Chaque r\u00e9ussite est d\u2019abord une r\u00e9ussite collective. Nous remercions l\u2019ensemble de nos partenaires pour leur fid\u00e9lit\u00e9, leur soutien et leur volont\u00e9 de construire avec nous un territoire plus inclusif, o\u00f9 chacun a sa place. Ensemble, nous poursuivons un objectif commun\u202f: permettre \u00e0 chaque personne accompagn\u00e9e de r\u00e9v\u00e9ler son potentiel.<\/p>\n\n\n\n<div class=\"wp-block-media-text is-stacked-on-mobile has-ast-global-color-5-background-color has-background\" style=\"grid-template-columns:24% auto\"><figure class=\"wp-block-media-text__media\"><img fetchpriority=\"high\" decoding=\"async\" width=\"1024\" height=\"1024\" src=\"https:\/\/plaineemploi.fr\/wp-content\/uploads\/2025\/04\/Collectivites-1024x1024.jpeg\" alt=\"\" class=\"wp-image-74 size-full\" srcset=\"https:\/\/plaineemploi.fr\/wp-content\/uploads\/2025\/04\/Collectivites-1024x1024.jpeg 1024w, https:\/\/plaineemploi.fr\/wp-content\/uploads\/2025\/04\/Collectivites-300x300.jpeg 300w, https:\/\/plaineemploi.fr\/wp-content\/uploads\/2025\/04\/Collectivites-150x150.jpeg 150w, https:\/\/plaineemploi.fr\/wp-content\/uploads\/2025\/04\/Collectivites-768x768.jpeg 768w, https:\/\/plaineemploi.fr\/wp-content\/uploads\/2025\/04\/Collectivites-1536x1536.jpeg 1536w, https:\/\/plaineemploi.fr\/wp-content\/uploads\/2025\/04\/Collectivites.jpeg 2048w\" sizes=\"(max-width: 1024px) 100vw, 1024px\" \/><\/figure><div class=\"wp-block-media-text__content\">\n<h2 class=\"wp-block-heading\">Vous souhaitez devenir partenaire de Plaine Emploi\u202f?<\/h2>\n\n\n\n<p>Rejoignez notre r\u00e9seau et participez activement \u00e0 l\u2019insertion et \u00e0 l\u2019emploi sur notre territoire.<\/p>\n\n\n\n<div class=\"wp-block-buttons is-content-justification-right is-layout-flex wp-container-core-buttons-is-layout-d445cf74 wp-block-buttons-is-layout-flex\">\n<div class=\"wp-block-button\"><a class=\"wp-block-button__link wp-element-button\" href=\"https:\/\/plaineemploi.fr\/index.php\/prenons-le-temps-de-faire-connaissance\/\">Devenez partenaire de notre action<\/a><\/div>\n<\/div>\n<\/div><\/div>\n","protected":false},"excerpt":{"rendered":"<p>L\u2019engagement de nos partenaires\u202f: un levier essentiel Depuis la cr\u00e9ation de Plaine Emploi, la confiance accord\u00e9e par nos partenaires institutionnels, associatifs et \u00e9conomiques constitue la base solide sur laquelle s\u2019appuie notre action. Leur engagement quotidien \u00e0 nos c\u00f4t\u00e9s permet de proposer aux publics accompagn\u00e9s des solutions concr\u00e8tes pour acc\u00e9der \u00e0 la formation, \u00e0 l\u2019emploi et \u00e0 une progression durable des comp\u00e9tences. Un r\u00e9seau d\u2019acteurs mobilis\u00e9s Nous travaillons en synergie avec les collectivit\u00e9s locales, les entreprises du territoire, les organismes de formation, les bailleurs sociaux et les structures d\u2019accompagnement social. Ce maillage territorial favorise la construction de parcours individualis\u00e9s et multiplie les opportunit\u00e9s offertes \u00e0 chacun. Chaque partenariat est le fruit d\u2019un dialogue constant, d\u2019une vision partag\u00e9e et d\u2019objectifs communs\u202f: ouvrir de nouvelles perspectives et accompagner les b\u00e9n\u00e9ficiaires dans la dur\u00e9e. Confiance, coop\u00e9ration et r\u00e9ussite partag\u00e9e Les partenaires de Plaine Emploi s\u2019investissent de fa\u00e7on active dans la r\u00e9ussite des parcours d\u2019insertion. Leur confiance nous permet d\u2019innover, d\u2019adapter nos dispositifs et de r\u00e9pondre au plus pr\u00e8s des besoins du territoire. Ils contribuent, par leur soutien, \u00e0 faire \u00e9voluer les pratiques, \u00e0 encourager la mont\u00e9e en comp\u00e9tences et \u00e0 ouvrir les portes d\u2019un emploi durable. Merci pour leur engagement Chaque r\u00e9ussite est d\u2019abord une r\u00e9ussite collective. Nous remercions l\u2019ensemble de nos partenaires pour leur fid\u00e9lit\u00e9, leur soutien et leur volont\u00e9 de construire avec nous un territoire plus inclusif, o\u00f9 chacun a sa place. Ensemble, nous poursuivons un objectif commun\u202f: permettre \u00e0 chaque personne accompagn\u00e9e de r\u00e9v\u00e9ler son potentiel.<\/p>\n","protected":false},"author":3,"featured_media":0,"parent":11,"menu_order":0,"comment_status":"closed","ping_status":"closed","template":"","meta":{"site-sidebar-layout":"default","site-content-layout":"","ast-site-content-layout":"","site-content-style":"default","site-sidebar-style":"default","ast-global-header-display":"","ast-banner-title-visibility":"","ast-main-header-display":"","ast-hfb-above-header-display":"","ast-hfb-below-header-display":"","ast-hfb-mobile-header-display":"","site-post-title":"","ast-breadcrumbs-content":"","ast-featured-img":"","footer-sml-layout":"","theme-transparent-header-meta":"","adv-header-id-meta":"","stick-header-meta":"","header-above-stick-meta":"","header-main-stick-meta":"","header-below-stick-meta":"","astra-migrate-meta-layouts":"default","ast-page-background-enabled":"default","ast-page-background-meta":{"desktop":{"background-color":"var(--ast-global-color-5)","background-image":"","background-repeat":"repeat","background-position":"center center","background-size":"auto","background-attachment":"scroll","background-type":"","background-media":"","overlay-type":"","overlay-color":"","overlay-opacity":"","overlay-gradient":""},"tablet":{"background-color":"","background-image":"","background-repeat":"repeat","background-position":"center center","background-size":"auto","background-attachment":"scroll","background-type":"","background-media":"","overlay-type":"","overlay-color":"","overlay-opacity":"","overlay-gradient":""},"mobile":{"background-color":"","background-image":"","background-repeat":"repeat","background-position":"center center","background-size":"auto","background-attachment":"scroll","background-type":"","background-media":"","overlay-type":"","overlay-color":"","overlay-opacity":"","overlay-gradient":""}},"ast-content-background-meta":{"desktop":{"background-color":"var(--ast-global-color-4)","background-image":"","background-repeat":"repeat","background-position":"center center","background-size":"auto","background-attachment":"scroll","background-type":"","background-media":"","overlay-type":"","overlay-color":"","overlay-opacity":"","overlay-gradient":""},"tablet":{"background-color":"var(--ast-global-color-4)","background-image":"","background-repeat":"repeat","background-position":"center center","background-size":"auto","background-attachment":"scroll","background-type":"","background-media":"","overlay-type":"","overlay-color":"","overlay-opacity":"","overlay-gradient":""},"mobile":{"background-color":"var(--ast-global-color-4)","background-image":"","background-repeat":"repeat","background-position":"center center","background-size":"auto","background-attachment":"scroll","background-type":"","background-media":"","overlay-type":"","overlay-color":"","overlay-opacity":"","overlay-gradient":""}},"footnotes":""},"class_list":["post-356","page","type-page","status-publish","hentry"],"aioseo_notices":[],"_links":{"self":[{"href":"https:\/\/plaineemploi.fr\/index.php\/wp-json\/wp\/v2\/pages\/356","targetHints":{"allow":["GET"]}}],"collection":[{"href":"https:\/\/plaineemploi.fr\/index.php\/wp-json\/wp\/v2\/pages"}],"about":[{"href":"https:\/\/plaineemploi.fr\/index.php\/wp-json\/wp\/v2\/types\/page"}],"author":[{"embeddable":true,"href":"https:\/\/plaineemploi.fr\/index.php\/wp-json\/wp\/v2\/users\/3"}],"replies":[{"embeddable":true,"href":"https:\/\/plaineemploi.fr\/index.php\/wp-json\/wp\/v2\/comments?post=356"}],"version-history":[{"count":2,"href":"https:\/\/plaineemploi.fr\/index.php\/wp-json\/wp\/v2\/pages\/356\/revisions"}],"predecessor-version":[{"id":369,"href":"https:\/\/plaineemploi.fr\/index.php\/wp-json\/wp\/v2\/pages\/356\/revisions\/369"}],"up":[{"embeddable":true,"href":"https:\/\/plaineemploi.fr\/index.php\/wp-json\/wp\/v2\/pages\/11"}],"wp:attachment":[{"href":"https:\/\/plaineemploi.fr\/index.php\/wp-json\/wp\/v2\/media?parent=356"}],"curies":[{"name":"wp","href":"https:\/\/api.w.org\/{rel}","templated":true}]}}